{"id":6579,"date":"2023-08-18T11:02:35","date_gmt":"2023-08-18T04:02:35","guid":{"rendered":"https:\/\/chungcuheritagewestlake.com\/?post_type=product&#038;p=6579"},"modified":"2023-09-27T17:11:04","modified_gmt":"2023-09-27T10:11:04","slug":"a-corner-villa-for-sale-in-ciputra-249sqm","status":"publish","type":"product","link":"https:\/\/chungcuheritagewestlake.com\/en\/a-corner-villa-for-sale-in-ciputra-249sqm\/","title":{"rendered":"A corner villa for sale in Ciputra &#8211; 249sqm"},"content":{"rendered":"<p><a href=\"https:\/\/chungcuheritagewestlake.com\/wp-content\/uploads\/2023\/08\/012793838-1643-ban-biet-thu-nha-lien-ke-quan-tay-ho-chinh-chu.jpg\"><img decoding=\"async\" class=\"aligncenter size-full wp-image-6582\" src=\"https:\/\/chungcuheritagewestlake.com\/wp-content\/uploads\/2023\/08\/012793838-1643-ban-biet-thu-nha-lien-ke-quan-tay-ho-chinh-chu.jpg\" alt=\"B\u00e1n bi\u1ec7t th\u1ef1 l\u00f4 g\u00f3c K\u0110T Ciputra\" width=\"670\" height=\"376\" srcset=\"https:\/\/chungcuheritagewestlake.com\/en\/wp-content\/uploads\/2023\/08\/012793838-1643-ban-biet-thu-nha-lien-ke-quan-tay-ho-chinh-chu.jpg 670w, https:\/\/chungcuheritagewestlake.com\/en\/wp-content\/uploads\/2023\/08\/012793838-1643-ban-biet-thu-nha-lien-ke-quan-tay-ho-chinh-chu-500x281.jpg 500w, https:\/\/chungcuheritagewestlake.com\/en\/wp-content\/uploads\/2023\/08\/012793838-1643-ban-biet-thu-nha-lien-ke-quan-tay-ho-chinh-chu-600x337.jpg 600w\" sizes=\"(max-width: 670px) 100vw, 670px\" \/><\/a><\/p>\n<p>For Sale: Corner Villa with 249m2 in Ciputra Urban Area<\/p>\n<ul>\n<li>Corner lot with a spacious frontage of 33m and a width of 40m<\/li>\n<li>Impeccably designed interior with exquisite furnishings<\/li>\n<li>Civilized community, friendly neighbors, serene environment<\/li>\n<li>Guaranteed red land title (S\u1ed5 \u0111\u1ecf)<\/li>\n<li>Price is negotiable<\/li>\n<\/ul>\n","protected":false},"excerpt":{"rendered":"<p>For Sale: Corner Villa with 249m2 in Ciputra Urban Area Corner lot with a spacious frontage of 33m and a width of 40m Impeccably designed interior with exquisite furnishings Civilized community, friendly neighbors, serene environment Guaranteed red land title (S\u1ed5 \u0111\u1ecf) Price is negotiable<\/p>\n","protected":false},"featured_media":6580,"comment_status":"open","ping_status":"closed","template":"","meta":[],"product_cat":[35,361],"_links":{"self":[{"href":"https:\/\/chungcuheritagewestlake.com\/en\/wp-json\/wp\/v2\/product\/6579"}],"collection":[{"href":"https:\/\/chungcuheritagewestlake.com\/en\/wp-json\/wp\/v2\/product"}],"about":[{"href":"https:\/\/chungcuheritagewestlake.com\/en\/wp-json\/wp\/v2\/types\/product"}],"replies":[{"embeddable":true,"href":"https:\/\/chungcuheritagewestlake.com\/en\/wp-json\/wp\/v2\/comments?post=6579"}],"version-history":[{"count":7,"href":"https:\/\/chungcuheritagewestlake.com\/en\/wp-json\/wp\/v2\/product\/6579\/revisions"}],"predecessor-version":[{"id":7604,"href":"https:\/\/chungcuheritagewestlake.com\/en\/wp-json\/wp\/v2\/product\/6579\/revisions\/7604"}],"wp:featuredmedia":[{"embeddable":true,"href":"https:\/\/chungcuheritagewestlake.com\/en\/wp-json\/wp\/v2\/media\/6580"}],"wp:attachment":[{"href":"https:\/\/chungcuheritagewestlake.com\/en\/wp-json\/wp\/v2\/media?parent=6579"}],"wp:term":[{"taxonomy":"product_cat","embeddable":true,"href":"https:\/\/chungcuheritagewestlake.com\/en\/wp-json\/wp\/v2\/product_cat?post=6579"}],"curies":[{"name":"wp","href":"https:\/\/api.w.org\/{rel}","templated":true}]}}